{"id":1324,"date":"2025-07-26T16:05:00","date_gmt":"2025-07-26T14:05:00","guid":{"rendered":"https:\/\/www.feedbackmp.com\/sobre-nosaltres\/"},"modified":"2025-09-22T20:13:29","modified_gmt":"2025-09-22T18:13:29","slug":"sobre-nosaltres","status":"publish","type":"page","link":"https:\/\/www.feedbackmp.com\/ca\/sobre-nosaltres\/","title":{"rendered":"Sobre Nosaltres"},"content":{"rendered":"\t\t<div data-elementor-type=\"wp-page\" data-elementor-id=\"1324\" class=\"elementor elementor-1324 elementor-849\" data-elementor-post-type=\"page\">\n\t\t\t\t<div class=\"elementor-element elementor-element-8b676f4 e-flex e-con-boxed elementor-invisible e-con e-parent\" data-id=\"8b676f4\" data-element_type=\"container\" data-settings=\"{&quot;animation&quot;:&quot;fadeIn&quot;}\">\n\t\t\t\t\t<div class=\"e-con-inner\">\n\t\t\t\t<div class=\"elementor-element elementor-element-b7daf1b label-featured elementor-widget elementor-widget-heading\" data-id=\"b7daf1b\" data-element_type=\"widget\" data-widget_type=\"heading.default\">\n\t\t\t\t\t<div class=\"elementor-heading-title elementor-size-default\">Creatius. Eficients. Rigorosos. Compromesos.   <br> Talentosos. Resolutius. Inconformistes. Estrategues. Implementadors.    <\/div>\t\t\t\t<\/div>\n\t\t\t\t<div class=\"elementor-element elementor-element-768efc5 elementor-widget__width-initial elementor-widget elementor-widget-heading\" data-id=\"768efc5\" data-element_type=\"widget\" data-widget_type=\"heading.default\">\n\t\t\t\t\t<h1 class=\"elementor-heading-title elementor-size-default\">M\u00e9s de 20 anys liderant el nou m\u00e0rqueting i al servei dels nostres partners.<\/h1>\t\t\t\t<\/div>\n\t\t\t\t\t<\/div>\n\t\t\t\t<\/div>\n\t\t<div class=\"elementor-element elementor-element-6c00452 e-con-full e-flex elementor-invisible e-con e-parent\" data-id=\"6c00452\" data-element_type=\"container\" data-settings=\"{&quot;animation&quot;:&quot;fadeIn&quot;}\">\n\t\t\t\t<div class=\"elementor-element elementor-element-5dba430 elementor-widget elementor-widget-template\" data-id=\"5dba430\" data-element_type=\"widget\" data-widget_type=\"template.default\">\n\t\t\t\t<div class=\"elementor-widget-container\">\n\t\t\t\t\t\t\t<div class=\"elementor-template\">\n\t\t\t\t\t<div data-elementor-type=\"container\" data-elementor-id=\"1479\" class=\"elementor elementor-1479 elementor-205\" data-elementor-post-type=\"elementor_library\">\n\t\t\t\t<div class=\"elementor-element elementor-element-572cf0fc e-flex e-con-boxed e-con e-parent\" data-id=\"572cf0fc\" data-element_type=\"container\" data-settings=\"{&quot;background_background&quot;:&quot;classic&quot;}\">\n\t\t\t\t\t<div class=\"e-con-inner\">\n\t\t\t\t<div class=\"elementor-element elementor-element-650aaacb elementor-widget elementor-widget-heading\" data-id=\"650aaacb\" data-element_type=\"widget\" data-widget_type=\"heading.default\">\n\t\t\t\t\t<div class=\"elementor-heading-title elementor-size-default\">No som nom\u00e9s una ag\u00e8ncia.<br> Combinem pensament estrat\u00e8gic, processos \u00e0gils i execuci\u00f3 t\u00e8cnica impecable.<\/div>\t\t\t\t<\/div>\n\t\t\t\t\t<\/div>\n\t\t\t\t<\/div>\n\t\t\t\t<\/div>\n\t\t\t\t<\/div>\n\t\t\t\t\t\t<\/div>\n\t\t\t\t<\/div>\n\t\t\t\t<\/div>\n\t\t\t\t<\/div>\n\t\t","protected":false},"excerpt":{"rendered":"<p>Creatius. Eficients. Rigorosos. Compromesos. Talentosos. Resolutius. Inconformistes. Estrategues. Implementadors. M\u00e9s de 20 anys liderant el nou m\u00e0rqueting i al servei dels nostres partners.<\/p>\n","protected":false},"author":1,"featured_media":0,"parent":0,"menu_order":0,"comment_status":"closed","ping_status":"closed","template":"","meta":{"_acf_changed":false,"inline_featured_image":false,"footnotes":""},"class_list":["post-1324","page","type-page","status-publish","hentry"],"acf":[],"yoast_head":"<!-- This site is optimized with the Yoast SEO plugin v26.8 - https:\/\/yoast.com\/product\/yoast-seo-wordpress\/ -->\n<title>Sobre Nosaltres - Feedback Marketing Re-Productions - Feedback<\/title>\n<meta name=\"robots\" content=\"index, follow, max-snippet:-1, max-image-preview:large, max-video-preview:-1\" \/>\n<link rel=\"canonical\" href=\"https:\/\/www.feedbackmp.com\/ca\/sobre-nosaltres\/\" \/>\n<meta property=\"og:locale\" content=\"ca_ES\" \/>\n<meta property=\"og:type\" content=\"article\" \/>\n<meta property=\"og:title\" content=\"Sobre Nosaltres - Feedback Marketing Re-Productions - Feedback\" \/>\n<meta property=\"og:description\" content=\"Creatius. Eficients. Rigorosos. Compromesos. Talentosos. Resolutius. Inconformistes. Estrategues. Implementadors. M\u00e9s de 20 anys liderant el nou m\u00e0rqueting i al servei dels nostres partners.\" \/>\n<meta property=\"og:url\" content=\"https:\/\/www.feedbackmp.com\/ca\/sobre-nosaltres\/\" \/>\n<meta property=\"og:site_name\" content=\"Feedback Marketing Re-Productions - Feedback\" \/>\n<meta property=\"article:modified_time\" content=\"2025-09-22T18:13:29+00:00\" \/>\n<meta name=\"twitter:card\" content=\"summary_large_image\" \/>\n<script type=\"application\/ld+json\" class=\"yoast-schema-graph\">{\"@context\":\"https:\/\/schema.org\",\"@graph\":[{\"@type\":\"WebPage\",\"@id\":\"https:\/\/www.feedbackmp.com\/ca\/sobre-nosaltres\/\",\"url\":\"https:\/\/www.feedbackmp.com\/ca\/sobre-nosaltres\/\",\"name\":\"Sobre Nosaltres - Feedback Marketing Re-Productions - Feedback\",\"isPartOf\":{\"@id\":\"https:\/\/www.feedbackmp.com\/ca\/#website\"},\"datePublished\":\"2025-07-26T14:05:00+00:00\",\"dateModified\":\"2025-09-22T18:13:29+00:00\",\"breadcrumb\":{\"@id\":\"https:\/\/www.feedbackmp.com\/ca\/sobre-nosaltres\/#breadcrumb\"},\"inLanguage\":\"ca\",\"potentialAction\":[{\"@type\":\"ReadAction\",\"target\":[\"https:\/\/www.feedbackmp.com\/ca\/sobre-nosaltres\/\"]}]},{\"@type\":\"BreadcrumbList\",\"@id\":\"https:\/\/www.feedbackmp.com\/ca\/sobre-nosaltres\/#breadcrumb\",\"itemListElement\":[{\"@type\":\"ListItem\",\"position\":1,\"name\":\"Portada\",\"item\":\"https:\/\/www.feedbackmp.com\/ca\/inici\/\"},{\"@type\":\"ListItem\",\"position\":2,\"name\":\"Sobre Nosaltres\"}]},{\"@type\":\"WebSite\",\"@id\":\"https:\/\/www.feedbackmp.com\/ca\/#website\",\"url\":\"https:\/\/www.feedbackmp.com\/ca\/\",\"name\":\"Feedback Marketing Re-Productions - Feedback\",\"description\":\"Tu partner creativo estrat\u00e9gico para liderar el nuevo marketing\",\"publisher\":{\"@id\":\"https:\/\/www.feedbackmp.com\/ca\/#organization\"},\"potentialAction\":[{\"@type\":\"SearchAction\",\"target\":{\"@type\":\"EntryPoint\",\"urlTemplate\":\"https:\/\/www.feedbackmp.com\/ca\/?s={search_term_string}\"},\"query-input\":{\"@type\":\"PropertyValueSpecification\",\"valueRequired\":true,\"valueName\":\"search_term_string\"}}],\"inLanguage\":\"ca\"},{\"@type\":\"Organization\",\"@id\":\"https:\/\/www.feedbackmp.com\/ca\/#organization\",\"name\":\"Feedback Marketing Re-Productions - Feedback\",\"url\":\"https:\/\/www.feedbackmp.com\/ca\/\",\"logo\":{\"@type\":\"ImageObject\",\"inLanguage\":\"ca\",\"@id\":\"https:\/\/www.feedbackmp.com\/ca\/#\/schema\/logo\/image\/\",\"url\":\"https:\/\/www.feedbackmp.com\/wp-content\/uploads\/2025\/07\/logo_feedback_full.svg\",\"contentUrl\":\"https:\/\/www.feedbackmp.com\/wp-content\/uploads\/2025\/07\/logo_feedback_full.svg\",\"width\":1335,\"height\":161,\"caption\":\"Feedback Marketing Re-Productions - Feedback\"},\"image\":{\"@id\":\"https:\/\/www.feedbackmp.com\/ca\/#\/schema\/logo\/image\/\"},\"sameAs\":[\"https:\/\/www.linkedin.com\/company\/feedback-marketing-re-productions\/about\/\",\"https:\/\/www.instagram.com\/feedback_mp\/\"]}]}<\/script>\n<!-- \/ Yoast SEO plugin. -->","yoast_head_json":{"title":"Sobre Nosaltres - Feedback Marketing Re-Productions - Feedback","robots":{"index":"index","follow":"follow","max-snippet":"max-snippet:-1","max-image-preview":"max-image-preview:large","max-video-preview":"max-video-preview:-1"},"canonical":"https:\/\/www.feedbackmp.com\/ca\/sobre-nosaltres\/","og_locale":"ca_ES","og_type":"article","og_title":"Sobre Nosaltres - Feedback Marketing Re-Productions - Feedback","og_description":"Creatius. Eficients. Rigorosos. Compromesos. Talentosos. Resolutius. Inconformistes. Estrategues. Implementadors. M\u00e9s de 20 anys liderant el nou m\u00e0rqueting i al servei dels nostres partners.","og_url":"https:\/\/www.feedbackmp.com\/ca\/sobre-nosaltres\/","og_site_name":"Feedback Marketing Re-Productions - Feedback","article_modified_time":"2025-09-22T18:13:29+00:00","twitter_card":"summary_large_image","schema":{"@context":"https:\/\/schema.org","@graph":[{"@type":"WebPage","@id":"https:\/\/www.feedbackmp.com\/ca\/sobre-nosaltres\/","url":"https:\/\/www.feedbackmp.com\/ca\/sobre-nosaltres\/","name":"Sobre Nosaltres - Feedback Marketing Re-Productions - Feedback","isPartOf":{"@id":"https:\/\/www.feedbackmp.com\/ca\/#website"},"datePublished":"2025-07-26T14:05:00+00:00","dateModified":"2025-09-22T18:13:29+00:00","breadcrumb":{"@id":"https:\/\/www.feedbackmp.com\/ca\/sobre-nosaltres\/#breadcrumb"},"inLanguage":"ca","potentialAction":[{"@type":"ReadAction","target":["https:\/\/www.feedbackmp.com\/ca\/sobre-nosaltres\/"]}]},{"@type":"BreadcrumbList","@id":"https:\/\/www.feedbackmp.com\/ca\/sobre-nosaltres\/#breadcrumb","itemListElement":[{"@type":"ListItem","position":1,"name":"Portada","item":"https:\/\/www.feedbackmp.com\/ca\/inici\/"},{"@type":"ListItem","position":2,"name":"Sobre Nosaltres"}]},{"@type":"WebSite","@id":"https:\/\/www.feedbackmp.com\/ca\/#website","url":"https:\/\/www.feedbackmp.com\/ca\/","name":"Feedback Marketing Re-Productions - Feedback","description":"Tu partner creativo estrat\u00e9gico para liderar el nuevo marketing","publisher":{"@id":"https:\/\/www.feedbackmp.com\/ca\/#organization"},"potentialAction":[{"@type":"SearchAction","target":{"@type":"EntryPoint","urlTemplate":"https:\/\/www.feedbackmp.com\/ca\/?s={search_term_string}"},"query-input":{"@type":"PropertyValueSpecification","valueRequired":true,"valueName":"search_term_string"}}],"inLanguage":"ca"},{"@type":"Organization","@id":"https:\/\/www.feedbackmp.com\/ca\/#organization","name":"Feedback Marketing Re-Productions - Feedback","url":"https:\/\/www.feedbackmp.com\/ca\/","logo":{"@type":"ImageObject","inLanguage":"ca","@id":"https:\/\/www.feedbackmp.com\/ca\/#\/schema\/logo\/image\/","url":"https:\/\/www.feedbackmp.com\/wp-content\/uploads\/2025\/07\/logo_feedback_full.svg","contentUrl":"https:\/\/www.feedbackmp.com\/wp-content\/uploads\/2025\/07\/logo_feedback_full.svg","width":1335,"height":161,"caption":"Feedback Marketing Re-Productions - Feedback"},"image":{"@id":"https:\/\/www.feedbackmp.com\/ca\/#\/schema\/logo\/image\/"},"sameAs":["https:\/\/www.linkedin.com\/company\/feedback-marketing-re-productions\/about\/","https:\/\/www.instagram.com\/feedback_mp\/"]}]}},"_links":{"self":[{"href":"https:\/\/www.feedbackmp.com\/ca\/wp-json\/wp\/v2\/pages\/1324","targetHints":{"allow":["GET"]}}],"collection":[{"href":"https:\/\/www.feedbackmp.com\/ca\/wp-json\/wp\/v2\/pages"}],"about":[{"href":"https:\/\/www.feedbackmp.com\/ca\/wp-json\/wp\/v2\/types\/page"}],"author":[{"embeddable":true,"href":"https:\/\/www.feedbackmp.com\/ca\/wp-json\/wp\/v2\/users\/1"}],"replies":[{"embeddable":true,"href":"https:\/\/www.feedbackmp.com\/ca\/wp-json\/wp\/v2\/comments?post=1324"}],"version-history":[{"count":4,"href":"https:\/\/www.feedbackmp.com\/ca\/wp-json\/wp\/v2\/pages\/1324\/revisions"}],"predecessor-version":[{"id":1483,"href":"https:\/\/www.feedbackmp.com\/ca\/wp-json\/wp\/v2\/pages\/1324\/revisions\/1483"}],"wp:attachment":[{"href":"https:\/\/www.feedbackmp.com\/ca\/wp-json\/wp\/v2\/media?parent=1324"}],"curies":[{"name":"wp","href":"https:\/\/api.w.org\/{rel}","templated":true}]}}